{"id":69,"date":"2024-02-01T14:43:32","date_gmt":"2024-02-01T14:43:32","guid":{"rendered":"https:\/\/seayouyachting.com\/?page_id=69"},"modified":"2024-02-19T20:29:13","modified_gmt":"2024-02-19T20:29:13","slug":"hakkimizda","status":"publish","type":"page","link":"https:\/\/seayouyachting.com\/tr\/hakkimizda\/","title":{"rendered":"Hakk\u0131m\u0131zda"},"content":{"rendered":"\t\t<div data-elementor-type=\"wp-page\" data-elementor-id=\"69\" class=\"elementor elementor-69\" data-elementor-post-type=\"page\">\n\t\t\t\t\t\t<section class=\"elementor-section elementor-top-section elementor-element elementor-element-4c18c7c elementor-section-boxed elementor-section-height-default elementor-section-height-default\" data-id=\"4c18c7c\" data-element_type=\"section\" data-settings=\"{&quot;background_background&quot;:&quot;classic&quot;}\">\n\t\t\t\t\t\t\t<div class=\"elementor-background-overlay\"><\/div>\n\t\t\t\t\t\t\t<div class=\"elementor-container elementor-column-gap-default\">\n\t\t\t\t\t<div class=\"elementor-column elementor-col-100 elementor-top-column elementor-element elementor-element-bf3f54a elementor-invisible\" data-id=\"bf3f54a\" data-element_type=\"column\" data-settings=\"{&quot;animation&quot;:&quot;fadeInLeft&quot;}\">\n\t\t\t<div class=\"elementor-widget-wrap elementor-element-populated\">\n\t\t\t\t\t\t<div class=\"elementor-element elementor-element-c0403a6 elementor-widget elementor-widget-heading\" data-id=\"c0403a6\" data-element_type=\"widget\" data-widget_type=\"heading.default\">\n\t\t\t\t<div class=\"elementor-widget-container\">\n\t\t\t<style>\/*! elementor - v3.19.0 - 29-01-2024 *\/\n.elementor-heading-title{padding:0;margin:0;line-height:1}.elementor-widget-heading .elementor-heading-title[class*=elementor-size-]>a{color:inherit;font-size:inherit;line-height:inherit}.elementor-widget-heading .elementor-heading-title.elementor-size-small{font-size:15px}.elementor-widget-heading .elementor-heading-title.elementor-size-medium{font-size:19px}.elementor-widget-heading .elementor-heading-title.elementor-size-large{font-size:29px}.elementor-widget-heading .elementor-heading-title.elementor-size-xl{font-size:39px}.elementor-widget-heading .elementor-heading-title.elementor-size-xxl{font-size:59px}<\/style><p class=\"elementor-heading-title elementor-size-default\">Sea You Yachting<\/p>\t\t<\/div>\n\t\t\t\t<\/div>\n\t\t\t\t<div class=\"elementor-element elementor-element-232c4cb elementor-widget elementor-widget-heading\" data-id=\"232c4cb\" data-element_type=\"widget\" data-widget_type=\"heading.default\">\n\t\t\t\t<div class=\"elementor-widget-container\">\n\t\t\t<h2 class=\"elementor-heading-title elementor-size-default\">Hakk\u0131m\u0131zda<\/h2>\t\t<\/div>\n\t\t\t\t<\/div>\n\t\t\t\t<div class=\"elementor-element elementor-element-2f3f9b9 elementor-widget elementor-widget-text-editor\" data-id=\"2f3f9b9\" data-element_type=\"widget\" data-widget_type=\"text-editor.default\">\n\t\t\t\t<div class=\"elementor-widget-container\">\n\t\t\t<style>\/*! elementor - v3.19.0 - 29-01-2024 *\/\n.elementor-widget-text-editor.elementor-drop-cap-view-stacked .elementor-drop-cap{background-color:#69727d;color:#fff}.elementor-widget-text-editor.elementor-drop-cap-view-framed .elementor-drop-cap{color:#69727d;border:3px solid;background-color:transparent}.elementor-widget-text-editor:not(.elementor-drop-cap-view-default) .elementor-drop-cap{margin-top:8px}.elementor-widget-text-editor:not(.elementor-drop-cap-view-default) .elementor-drop-cap-letter{width:1em;height:1em}.elementor-widget-text-editor .elementor-drop-cap{float:left;text-align:center;line-height:1;font-size:50px}.elementor-widget-text-editor .elementor-drop-cap-letter{display:inline-block}<\/style>\t\t\t\t<p>Sea You Yachting, deniz tutkunlar\u0131n\u0131n hayallerini ger\u00e7e\u011fe d\u00f6n\u00fc\u015ft\u00fcren bir yat acentesi olarak \u00f6ne \u00e7\u0131k\u0131yor. T\u00fcrkiye\u2019nin e\u015fsiz k\u0131y\u0131lar\u0131nda seyahat etme tutkusunu payla\u015fan ve denizcilik tutkusunu ya\u015fam bi\u00e7imi haline getiren bir ekibin bir araya gelmesiyle olu\u015fan bu acente, m\u00fc\u015fterilerine unutulmaz deniz maceralar\u0131 sunmak i\u00e7in var. Denizin sonsuz \u00f6zg\u00fcrl\u00fc\u011f\u00fcne a\u00e7\u0131lan kap\u0131n\u0131z olmak i\u00e7in buraday\u0131z.<\/p><p>Sea You Yachting olarak, m\u00fc\u015fterilerimizin beklentilerini a\u015fan bir deniz deneyimi ya\u015famalar\u0131n\u0131 sa\u011flamak i\u00e7in \u00e7aba g\u00f6steriyoruz. Sundu\u011fumuz geni\u015f hizmet yelpazesiyle, her t\u00fcrl\u00fc denizcilik ihtiyac\u0131n\u0131 kar\u015f\u0131lamak i\u00e7in haz\u0131r\u0131z. Filomuzdaki teknik olarak donan\u0131ml\u0131 ve bak\u0131ml\u0131 yatlar\u0131m\u0131zla, seyahatlerinizin g\u00fcvenli ve konforlu olmas\u0131n\u0131 sa\u011flamak i\u00e7in titizlikle \u00e7al\u0131\u015f\u0131yoruz. Ayr\u0131ca, kiralama ve arac\u0131l\u0131k hizmetlerimizle, tatilinize en uygun yat\u0131 se\u00e7menizde size rehberlik ediyoruz.<\/p><p>Deneyimli ve uzman ekibimiz, her ayr\u0131nt\u0131y\u0131 d\u00fc\u015f\u00fcnerek sizin i\u00e7in en m\u00fckemmel deniz maceras\u0131n\u0131 planl\u0131yor. Yat bak\u0131m\u0131 ve onar\u0131m\u0131 konusunda h\u0131zl\u0131 ve g\u00fcvenilir \u00e7\u00f6z\u00fcmler sunarak, seyahatlerinizin kesintisiz ve keyifli ge\u00e7mesini sa\u011fl\u0131yoruz. Ayr\u0131ca, acente ve yard\u0131mc\u0131l\u0131k hizmetlerimizle, rotan\u0131z boyunca size destek oluyor ve sadece denizin keyfini \u00e7\u0131karman\u0131z\u0131 sa\u011fl\u0131yoruz.<\/p><p>Sea You Yachting, yat y\u00f6netimindeki uzmanl\u0131\u011f\u0131yla da \u00f6ne \u00e7\u0131k\u0131yor. M\u00fc\u015fterilerimize huzurlu ve keyifli bir seyahat deneyimi ya\u015fatmak i\u00e7in t\u00fcm yat y\u00f6netimini \u00fcstleniyor ve sizin i\u00e7in gereken her \u015feyi d\u00fczenliyoruz. Size sadece denizin keyfini \u00e7\u0131karmak kal\u0131yor.<\/p><p>E\u011fer siz de denizin s\u0131n\u0131rs\u0131z \u00f6zg\u00fcrl\u00fc\u011f\u00fcn\u00fc ke\u015ffetmek ve unutulmaz bir deniz maceras\u0131 ya\u015famak istiyorsan\u0131z, Sea You Yachting ile ileti\u015fime ge\u00e7in ve hayallerinizi ger\u00e7e\u011fe d\u00f6n\u00fc\u015ft\u00fcrmek i\u00e7in bize kat\u0131l\u0131n. Denizin e\u015fsiz atmosferini ke\u015ffetmek ve macera dolu anlar ya\u015famak i\u00e7in Sea You Yachting sizinle!<\/p>\t\t\t\t\t\t<\/div>\n\t\t\t\t<\/div>\n\t\t\t\t\t<\/div>\n\t\t<\/div>\n\t\t\t\t\t<\/div>\n\t\t<\/section>\n\t\t\t\t<\/div>\n\t\t","protected":false},"excerpt":{"rendered":"<p>Sea You Yachting Hakk\u0131m\u0131zda Sea You Yachting, deniz tutkunlar\u0131n\u0131n hayallerini ger\u00e7e\u011fe d\u00f6n\u00fc\u015ft\u00fcren bir yat acentesi olarak \u00f6ne \u00e7\u0131k\u0131yor. T\u00fcrkiye\u2019nin e\u015fsiz k\u0131y\u0131lar\u0131nda seyahat etme tutkusunu payla\u015fan ve denizcilik tutkusunu ya\u015fam bi\u00e7imi haline getiren bir ekibin bir araya gelmesiyle olu\u015fan bu acente, m\u00fc\u015fterilerine unutulmaz deniz maceralar\u0131 sunmak i\u00e7in var. Denizin sonsuz \u00f6zg\u00fcrl\u00fc\u011f\u00fcne a\u00e7\u0131lan kap\u0131n\u0131z olmak i\u00e7in buraday\u0131z. [&hellip;]<\/p>\n","protected":false},"author":1,"featured_media":0,"parent":0,"menu_order":0,"comment_status":"closed","ping_status":"closed","template":"elementor_header_footer","meta":{"footnotes":""},"class_list":["post-69","page","type-page","status-publish","hentry"],"acf":[],"_links":{"self":[{"href":"https:\/\/seayouyachting.com\/tr\/wp-json\/wp\/v2\/pages\/69","targetHints":{"allow":["GET"]}}],"collection":[{"href":"https:\/\/seayouyachting.com\/tr\/wp-json\/wp\/v2\/pages"}],"about":[{"href":"https:\/\/seayouyachting.com\/tr\/wp-json\/wp\/v2\/types\/page"}],"author":[{"embeddable":true,"href":"https:\/\/seayouyachting.com\/tr\/wp-json\/wp\/v2\/users\/1"}],"replies":[{"embeddable":true,"href":"https:\/\/seayouyachting.com\/tr\/wp-json\/wp\/v2\/comments?post=69"}],"version-history":[{"count":13,"href":"https:\/\/seayouyachting.com\/tr\/wp-json\/wp\/v2\/pages\/69\/revisions"}],"predecessor-version":[{"id":2952,"href":"https:\/\/seayouyachting.com\/tr\/wp-json\/wp\/v2\/pages\/69\/revisions\/2952"}],"wp:attachment":[{"href":"https:\/\/seayouyachting.com\/tr\/wp-json\/wp\/v2\/media?parent=69"}],"curies":[{"name":"wp","href":"https:\/\/api.w.org\/{rel}","templated":true}]}}