{"id":196,"date":"2024-02-01T16:49:13","date_gmt":"2024-02-01T16:49:13","guid":{"rendered":"https:\/\/seayouyachting.com\/?post_type=product&#038;p=196"},"modified":"2024-02-01T16:49:37","modified_gmt":"2024-02-01T16:49:37","slug":"32-m-gulet","status":"publish","type":"product","link":"https:\/\/seayouyachting.com\/tr\/yat-kiralama\/32-m-gulet\/","title":{"rendered":"32 M GULET"},"content":{"rendered":"<h2>GEM\u0130DEK\u0130 EK\u0130PMANLAR<\/h2>\n<p>Buz Makinesi, CD &#8211; DVD Oynat\u0131c\u0131, Kahve Makinesi, \u015earap So\u011futucu, T\u00fcrk Sular\u0131nda \u0130nternet Ba\u011flant\u0131s\u0131, Sa\u00e7 Kurutma Makinesi, USB Giri\u015fi, Aux Giri\u015fi<\/p>\n<h2>TENDER &amp; OYUNCAKLAR<\/h2>\n<p>G\u00fcne\u015f Tenteleri, \u015eezlong, G\u00fcverte Du\u015fu, Deniz Merdiveni, Su Kaya\u011f\u0131, Ringo, JetSki, Paddle Board, Banana, \u015enorkel Ekipmanlar\u0131,<\/p>\n<p>Bal\u0131k\u00e7\u0131l\u0131k Ekipmanlar\u0131, Tavla, Okey, Oyun Kartlar\u0131, Karaoke<\/p>\n","protected":false},"excerpt":{"rendered":"<p>GEM\u0130DEK\u0130 EK\u0130PMANLAR Buz Makinesi, CD &#8211; DVD Oynat\u0131c\u0131, Kahve Makinesi, \u015earap So\u011futucu, T\u00fcrk Sular\u0131nda \u0130nternet Ba\u011flant\u0131s\u0131, Sa\u00e7 Kurutma Makinesi, USB Giri\u015fi, Aux Giri\u015fi TENDER &amp; OYUNCAKLAR G\u00fcne\u015f Tenteleri, \u015eezlong, G\u00fcverte Du\u015fu, Deniz Merdiveni, Su Kaya\u011f\u0131, Ringo, JetSki, Paddle Board, Banana, \u015enorkel Ekipmanlar\u0131, Bal\u0131k\u00e7\u0131l\u0131k Ekipmanlar\u0131, Tavla, Okey, Oyun Kartlar\u0131, Karaoke<\/p>\n","protected":false},"featured_media":207,"comment_status":"open","ping_status":"closed","template":"","meta":[],"product_cat":[21],"product_tag":[],"class_list":{"0":"post-196","1":"product","2":"type-product","3":"status-publish","4":"has-post-thumbnail","6":"product_cat-yat-kiralama","8":"first","9":"instock","10":"shipping-taxable","11":"product-type-simple"},"acf":[],"_links":{"self":[{"href":"https:\/\/seayouyachting.com\/tr\/wp-json\/wp\/v2\/product\/196","targetHints":{"allow":["GET"]}}],"collection":[{"href":"https:\/\/seayouyachting.com\/tr\/wp-json\/wp\/v2\/product"}],"about":[{"href":"https:\/\/seayouyachting.com\/tr\/wp-json\/wp\/v2\/types\/product"}],"replies":[{"embeddable":true,"href":"https:\/\/seayouyachting.com\/tr\/wp-json\/wp\/v2\/comments?post=196"}],"wp:featuredmedia":[{"embeddable":true,"href":"https:\/\/seayouyachting.com\/tr\/wp-json\/wp\/v2\/media\/207"}],"wp:attachment":[{"href":"https:\/\/seayouyachting.com\/tr\/wp-json\/wp\/v2\/media?parent=196"}],"wp:term":[{"taxonomy":"product_cat","embeddable":true,"href":"https:\/\/seayouyachting.com\/tr\/wp-json\/wp\/v2\/product_cat?post=196"},{"taxonomy":"product_tag","embeddable":true,"href":"https:\/\/seayouyachting.com\/tr\/wp-json\/wp\/v2\/product_tag?post=196"}],"curies":[{"name":"wp","href":"https:\/\/api.w.org\/{rel}","templated":true}]}}