{"id":197,"date":"2024-02-01T16:49:13","date_gmt":"2024-02-01T16:49:13","guid":{"rendered":"https:\/\/seayouyachting.com\/?post_type=product&#038;p=197"},"modified":"2024-02-01T16:49:54","modified_gmt":"2024-02-01T16:49:54","slug":"24-m-gulet","status":"publish","type":"product","link":"https:\/\/seayouyachting.com\/tr\/yat-kiralama\/24-m-gulet\/","title":{"rendered":"24 M GULET"},"content":{"rendered":"<h2>GEMI\u0307DEKI\u0307 EKI\u0307PMANLAR<\/h2>\n<p>Uydu, TV ve DVD, Kart Oyunlar\u0131, Buz<\/p>\n<p>Yap\u0131c\u0131, Su Yap\u0131c\u0131, Klima,<\/p>\n<p>Radar, GPS, VHF, AIS, Tam D\u00fczenleme<\/p>\n<p>G\u00fcvenlik Ekipman\u0131, Chartplotter,<\/p>\n<p>Otopilot, R\u00fczgar, Derinlik ve H\u0131z<\/p>\n<p>G\u00f6stergeler, Liferaft<\/p>\n<h2>\u0130HALE &amp; OYUNCAKLAR<\/h2>\n<p>Paddle Board, Ringo, Su Kaya\u011f\u0131,<\/p>\n<p>Kano, Bal\u0131k\u00e7\u0131l\u0131k Eq., \u015enorkel<\/p>\n","protected":false},"excerpt":{"rendered":"<p>GEMI\u0307DEKI\u0307 EKI\u0307PMANLAR Uydu, TV ve DVD, Kart Oyunlar\u0131, Buz Yap\u0131c\u0131, Su Yap\u0131c\u0131, Klima, Radar, GPS, VHF, AIS, Tam D\u00fczenleme G\u00fcvenlik Ekipman\u0131, Chartplotter, Otopilot, R\u00fczgar, Derinlik ve H\u0131z G\u00f6stergeler, Liferaft \u0130HALE &amp; OYUNCAKLAR Paddle Board, Ringo, Su Kaya\u011f\u0131, Kano, Bal\u0131k\u00e7\u0131l\u0131k Eq., \u015enorkel<\/p>\n","protected":false},"featured_media":265,"comment_status":"open","ping_status":"closed","template":"","meta":[],"product_cat":[21],"product_tag":[],"class_list":{"0":"post-197","1":"product","2":"type-product","3":"status-publish","4":"has-post-thumbnail","6":"product_cat-yat-kiralama","8":"first","9":"instock","10":"shipping-taxable","11":"product-type-simple"},"acf":[],"_links":{"self":[{"href":"https:\/\/seayouyachting.com\/tr\/wp-json\/wp\/v2\/product\/197","targetHints":{"allow":["GET"]}}],"collection":[{"href":"https:\/\/seayouyachting.com\/tr\/wp-json\/wp\/v2\/product"}],"about":[{"href":"https:\/\/seayouyachting.com\/tr\/wp-json\/wp\/v2\/types\/product"}],"replies":[{"embeddable":true,"href":"https:\/\/seayouyachting.com\/tr\/wp-json\/wp\/v2\/comments?post=197"}],"wp:featuredmedia":[{"embeddable":true,"href":"https:\/\/seayouyachting.com\/tr\/wp-json\/wp\/v2\/media\/265"}],"wp:attachment":[{"href":"https:\/\/seayouyachting.com\/tr\/wp-json\/wp\/v2\/media?parent=197"}],"wp:term":[{"taxonomy":"product_cat","embeddable":true,"href":"https:\/\/seayouyachting.com\/tr\/wp-json\/wp\/v2\/product_cat?post=197"},{"taxonomy":"product_tag","embeddable":true,"href":"https:\/\/seayouyachting.com\/tr\/wp-json\/wp\/v2\/product_tag?post=197"}],"curies":[{"name":"wp","href":"https:\/\/api.w.org\/{rel}","templated":true}]}}