{"id":199,"date":"2024-02-01T16:49:14","date_gmt":"2024-02-01T16:49:14","guid":{"rendered":"https:\/\/seayouyachting.com\/?post_type=product&#038;p=199"},"modified":"2024-02-01T20:37:34","modified_gmt":"2024-02-01T20:37:34","slug":"28-m-gulet-2","status":"publish","type":"product","link":"https:\/\/seayouyachting.com\/tr\/yat-kiralama\/28-m-gulet-2\/","title":{"rendered":"28 M GULET"},"content":{"rendered":"<h2>GEMI\u0307DEKI\u0307 EKI\u0307PMANLAR<\/h2>\n<p>Salonda ve g\u00fcvertede TV, DVD ve M\u00fczik Sistemi,<\/p>\n<p>Wifi, Klima, USB ba\u011flant\u0131s\u0131, Diz\u00fcst\u00fc bilgisayar,<\/p>\n<p>Can Yele\u011fi, Yang\u0131n S\u00f6nd\u00fcr\u00fcc\u00fc, Radar, GPS, VHF,<\/p>\n<p>AIS, Chartplotter, Otopilot, R\u00fczgar, Derinlik ve<\/p>\n<p>H\u0131z G\u00f6stergeleri, Liferaft<\/p>\n<h2>\u0130HALE &amp; OYUNCAKLAR<\/h2>\n<p>90 Hp Tender, Su Kaya\u011f\u0131, Wake Board, Donut,<\/p>\n<p>Jet-Ski, Subwing, K\u00fcrek Tahtas\u0131, Kano, Diz<\/p>\n<p>Masa, Oyunlar<\/p>\n","protected":false},"excerpt":{"rendered":"<p>GEMI\u0307DEKI\u0307 EKI\u0307PMANLAR Salonda ve g\u00fcvertede TV, DVD ve M\u00fczik Sistemi, Wifi, Klima, USB ba\u011flant\u0131s\u0131, Diz\u00fcst\u00fc bilgisayar, Can Yele\u011fi, Yang\u0131n S\u00f6nd\u00fcr\u00fcc\u00fc, Radar, GPS, VHF, AIS, Chartplotter, Otopilot, R\u00fczgar, Derinlik ve H\u0131z G\u00f6stergeleri, Liferaft \u0130HALE &amp; OYUNCAKLAR 90 Hp Tender, Su Kaya\u011f\u0131, Wake Board, Donut, Jet-Ski, Subwing, K\u00fcrek Tahtas\u0131, Kano, Diz Masa, Oyunlar<\/p>\n","protected":false},"featured_media":358,"comment_status":"open","ping_status":"closed","template":"","meta":[],"product_cat":[21],"product_tag":[],"class_list":{"0":"post-199","1":"product","2":"type-product","3":"status-publish","4":"has-post-thumbnail","6":"product_cat-yat-kiralama","8":"first","9":"instock","10":"shipping-taxable","11":"product-type-simple"},"acf":[],"_links":{"self":[{"href":"https:\/\/seayouyachting.com\/tr\/wp-json\/wp\/v2\/product\/199","targetHints":{"allow":["GET"]}}],"collection":[{"href":"https:\/\/seayouyachting.com\/tr\/wp-json\/wp\/v2\/product"}],"about":[{"href":"https:\/\/seayouyachting.com\/tr\/wp-json\/wp\/v2\/types\/product"}],"replies":[{"embeddable":true,"href":"https:\/\/seayouyachting.com\/tr\/wp-json\/wp\/v2\/comments?post=199"}],"wp:featuredmedia":[{"embeddable":true,"href":"https:\/\/seayouyachting.com\/tr\/wp-json\/wp\/v2\/media\/358"}],"wp:attachment":[{"href":"https:\/\/seayouyachting.com\/tr\/wp-json\/wp\/v2\/media?parent=199"}],"wp:term":[{"taxonomy":"product_cat","embeddable":true,"href":"https:\/\/seayouyachting.com\/tr\/wp-json\/wp\/v2\/product_cat?post=199"},{"taxonomy":"product_tag","embeddable":true,"href":"https:\/\/seayouyachting.com\/tr\/wp-json\/wp\/v2\/product_tag?post=199"}],"curies":[{"name":"wp","href":"https:\/\/api.w.org\/{rel}","templated":true}]}}