{"id":200,"date":"2024-02-01T16:49:14","date_gmt":"2024-02-01T16:49:14","guid":{"rendered":"https:\/\/seayouyachting.com\/?post_type=product&#038;p=200"},"modified":"2024-02-01T16:51:10","modified_gmt":"2024-02-01T16:51:10","slug":"26-m-gulet","status":"publish","type":"product","link":"https:\/\/seayouyachting.com\/tr\/yat-kiralama\/26-m-gulet\/","title":{"rendered":"26 M GULET"},"content":{"rendered":"<h2>GEMI\u0307DEKI\u0307 EKI\u0307PMANLAR<\/h2>\n<p>TV, DVD ve Bose M\u00fczik Sistemi Salonda ve A\u00e7\u0131k<\/p>\n<p>G\u00fcverte, Wifi, Klima, USB ba\u011flant\u0131s\u0131,<\/p>\n<p>Diz\u00fcst\u00fc Bilgisayar, Can Yele\u011fi, Yang\u0131n S\u00f6nd\u00fcr\u00fcc\u00fc, Radar,<\/p>\n<p>GPS, VHF, AIS, Chartplotter, Otopilot, R\u00fczgar,<\/p>\n<p>Derinlik ve H\u0131z G\u00f6stergeleri, Liferaft, Tam<\/p>\n<p>Havaland\u0131rma, Direkte Al\u00fcminyum Direkler<\/p>\n<p>K\u00fcrkleme Sistemi, \u00d6n g\u00fcverte, K\u0131\u00e7 g\u00fcverte<\/p>\n<h2>\u0130HALE &amp; OYUNCAKLAR<\/h2>\n<p>Ringo, Su Kaya\u011f\u0131, 2x Paddle Board, \u015enorkel,<\/p>\n<p>Kano, Y\u00fczme Ekipmanlar\u0131, Tavla,<\/p>\n<p>Oyun Kart\u0131<\/p>\n","protected":false},"excerpt":{"rendered":"<p>GEMI\u0307DEKI\u0307 EKI\u0307PMANLAR TV, DVD ve Bose M\u00fczik Sistemi Salonda ve A\u00e7\u0131k G\u00fcverte, Wifi, Klima, USB ba\u011flant\u0131s\u0131, Diz\u00fcst\u00fc Bilgisayar, Can Yele\u011fi, Yang\u0131n S\u00f6nd\u00fcr\u00fcc\u00fc, Radar, GPS, VHF, AIS, Chartplotter, Otopilot, R\u00fczgar, Derinlik ve H\u0131z G\u00f6stergeleri, Liferaft, Tam Havaland\u0131rma, Direkte Al\u00fcminyum Direkler K\u00fcrkleme Sistemi, \u00d6n g\u00fcverte, K\u0131\u00e7 g\u00fcverte \u0130HALE &amp; OYUNCAKLAR Ringo, Su Kaya\u011f\u0131, 2x Paddle Board, \u015enorkel, [&hellip;]<\/p>\n","protected":false},"featured_media":411,"comment_status":"open","ping_status":"closed","template":"","meta":[],"product_cat":[21],"product_tag":[],"class_list":{"0":"post-200","1":"product","2":"type-product","3":"status-publish","4":"has-post-thumbnail","6":"product_cat-yat-kiralama","8":"first","9":"instock","10":"shipping-taxable","11":"product-type-simple"},"acf":[],"_links":{"self":[{"href":"https:\/\/seayouyachting.com\/tr\/wp-json\/wp\/v2\/product\/200","targetHints":{"allow":["GET"]}}],"collection":[{"href":"https:\/\/seayouyachting.com\/tr\/wp-json\/wp\/v2\/product"}],"about":[{"href":"https:\/\/seayouyachting.com\/tr\/wp-json\/wp\/v2\/types\/product"}],"replies":[{"embeddable":true,"href":"https:\/\/seayouyachting.com\/tr\/wp-json\/wp\/v2\/comments?post=200"}],"wp:featuredmedia":[{"embeddable":true,"href":"https:\/\/seayouyachting.com\/tr\/wp-json\/wp\/v2\/media\/411"}],"wp:attachment":[{"href":"https:\/\/seayouyachting.com\/tr\/wp-json\/wp\/v2\/media?parent=200"}],"wp:term":[{"taxonomy":"product_cat","embeddable":true,"href":"https:\/\/seayouyachting.com\/tr\/wp-json\/wp\/v2\/product_cat?post=200"},{"taxonomy":"product_tag","embeddable":true,"href":"https:\/\/seayouyachting.com\/tr\/wp-json\/wp\/v2\/product_tag?post=200"}],"curies":[{"name":"wp","href":"https:\/\/api.w.org\/{rel}","templated":true}]}}