{"id":202,"date":"2024-02-01T16:49:14","date_gmt":"2024-02-01T16:49:14","guid":{"rendered":"https:\/\/seayouyachting.com\/?post_type=product&#038;p=202"},"modified":"2024-02-01T16:52:12","modified_gmt":"2024-02-01T16:52:12","slug":"31-m-gulet","status":"publish","type":"product","link":"https:\/\/seayouyachting.com\/tr\/yat-kiralama\/31-m-gulet\/","title":{"rendered":"31 M GULET"},"content":{"rendered":"<h2>GEMI\u0307DEKI\u0307 EKI\u0307PMANLAR<\/h2>\n<p>Uydu, TV ve DVD, Kart Oyunlar\u0131, Buz Yap\u0131c\u0131, Su Yap\u0131c\u0131, Klima, Radar, GPS, VHF, AIS, Tam D\u00fczenlemeG\u00fcvenlik Ekipmanlar\u0131, Chartplotter, Otopilot, R\u00fczgar, Derinlik ve H\u0131z G\u00f6stergeleri, Liferaft<\/p>\n<h2>\u0130HALE &amp; OYUNCAKLAR<\/h2>\n<p>Tender 4,70 m 60 suzuki, Ringo, Su Kaya\u011f\u0131, Kano, K\u00fcrek tahtas\u0131, ,oyun kartlar\u0131, \u015fnorkel, bal\u0131k\u00e7\u0131l\u0131k Ekipmanlar\u0131.<\/p>\n","protected":false},"excerpt":{"rendered":"<p>GEMI\u0307DEKI\u0307 EKI\u0307PMANLAR Uydu, TV ve DVD, Kart Oyunlar\u0131, Buz Yap\u0131c\u0131, Su Yap\u0131c\u0131, Klima, Radar, GPS, VHF, AIS, Tam D\u00fczenlemeG\u00fcvenlik Ekipmanlar\u0131, Chartplotter, Otopilot, R\u00fczgar, Derinlik ve H\u0131z G\u00f6stergeleri, Liferaft \u0130HALE &amp; OYUNCAKLAR Tender 4,70 m 60 suzuki, Ringo, Su Kaya\u011f\u0131, Kano, K\u00fcrek tahtas\u0131, ,oyun kartlar\u0131, \u015fnorkel, bal\u0131k\u00e7\u0131l\u0131k Ekipmanlar\u0131.<\/p>\n","protected":false},"featured_media":495,"comment_status":"open","ping_status":"closed","template":"","meta":[],"product_cat":[21],"product_tag":[],"class_list":{"0":"post-202","1":"product","2":"type-product","3":"status-publish","4":"has-post-thumbnail","6":"product_cat-yat-kiralama","8":"first","9":"instock","10":"shipping-taxable","11":"product-type-simple"},"acf":[],"_links":{"self":[{"href":"https:\/\/seayouyachting.com\/tr\/wp-json\/wp\/v2\/product\/202","targetHints":{"allow":["GET"]}}],"collection":[{"href":"https:\/\/seayouyachting.com\/tr\/wp-json\/wp\/v2\/product"}],"about":[{"href":"https:\/\/seayouyachting.com\/tr\/wp-json\/wp\/v2\/types\/product"}],"replies":[{"embeddable":true,"href":"https:\/\/seayouyachting.com\/tr\/wp-json\/wp\/v2\/comments?post=202"}],"wp:featuredmedia":[{"embeddable":true,"href":"https:\/\/seayouyachting.com\/tr\/wp-json\/wp\/v2\/media\/495"}],"wp:attachment":[{"href":"https:\/\/seayouyachting.com\/tr\/wp-json\/wp\/v2\/media?parent=202"}],"wp:term":[{"taxonomy":"product_cat","embeddable":true,"href":"https:\/\/seayouyachting.com\/tr\/wp-json\/wp\/v2\/product_cat?post=202"},{"taxonomy":"product_tag","embeddable":true,"href":"https:\/\/seayouyachting.com\/tr\/wp-json\/wp\/v2\/product_tag?post=202"}],"curies":[{"name":"wp","href":"https:\/\/api.w.org\/{rel}","templated":true}]}}