{"id":203,"date":"2024-02-01T16:49:14","date_gmt":"2024-02-01T16:49:14","guid":{"rendered":"https:\/\/seayouyachting.com\/?post_type=product&#038;p=203"},"modified":"2024-02-01T16:52:31","modified_gmt":"2024-02-01T16:52:31","slug":"37-%d0%bc-gulet","status":"publish","type":"product","link":"https:\/\/seayouyachting.com\/tr\/yat-kiralama\/37-%d0%bc-gulet\/","title":{"rendered":"37 \u041c GULET"},"content":{"rendered":"<h2>GEMI\u0307DEKI\u0307 EKI\u0307PMANLAR<\/h2>\n<p>Salonda ve g\u00fcvertede TV, DVD ve M\u00fczik Sistemi,<\/p>\n<p>Wifi, Klima, USB ba\u011flant\u0131s\u0131, Diz\u00fcst\u00fc bilgisayar,<\/p>\n<p>Can Yele\u011fi, Yang\u0131n S\u00f6nd\u00fcr\u00fcc\u00fc, Radar, GPS, VHF,<\/p>\n<p>AIS, Chartplotter, Otopilot, R\u00fczgar, Derinlik ve<\/p>\n<p>H\u0131z G\u00f6stergeleri, Cankurtaran Sal\u0131, Tam Havaland\u0131rma<\/p>\n<h2>\u0130HALE &amp; OYUNCAKLAR<\/h2>\n<p>Jetski, Paddle Board, Ringo, Su Kaya\u011f\u0131 Jokerboat150 c\u0131va, Tavla, Oyun Kartlar\u0131, Y\u00fczme Ekipmanlar\u0131<\/p>\n","protected":false},"excerpt":{"rendered":"<p>GEMI\u0307DEKI\u0307 EKI\u0307PMANLAR Salonda ve g\u00fcvertede TV, DVD ve M\u00fczik Sistemi, Wifi, Klima, USB ba\u011flant\u0131s\u0131, Diz\u00fcst\u00fc bilgisayar, Can Yele\u011fi, Yang\u0131n S\u00f6nd\u00fcr\u00fcc\u00fc, Radar, GPS, VHF, AIS, Chartplotter, Otopilot, R\u00fczgar, Derinlik ve H\u0131z G\u00f6stergeleri, Cankurtaran Sal\u0131, Tam Havaland\u0131rma \u0130HALE &amp; OYUNCAKLAR Jetski, Paddle Board, Ringo, Su Kaya\u011f\u0131 Jokerboat150 c\u0131va, Tavla, Oyun Kartlar\u0131, Y\u00fczme Ekipmanlar\u0131<\/p>\n","protected":false},"featured_media":565,"comment_status":"open","ping_status":"closed","template":"","meta":[],"product_cat":[21],"product_tag":[],"class_list":{"0":"post-203","1":"product","2":"type-product","3":"status-publish","4":"has-post-thumbnail","6":"product_cat-yat-kiralama","8":"first","9":"instock","10":"shipping-taxable","11":"product-type-simple"},"acf":[],"_links":{"self":[{"href":"https:\/\/seayouyachting.com\/tr\/wp-json\/wp\/v2\/product\/203","targetHints":{"allow":["GET"]}}],"collection":[{"href":"https:\/\/seayouyachting.com\/tr\/wp-json\/wp\/v2\/product"}],"about":[{"href":"https:\/\/seayouyachting.com\/tr\/wp-json\/wp\/v2\/types\/product"}],"replies":[{"embeddable":true,"href":"https:\/\/seayouyachting.com\/tr\/wp-json\/wp\/v2\/comments?post=203"}],"wp:featuredmedia":[{"embeddable":true,"href":"https:\/\/seayouyachting.com\/tr\/wp-json\/wp\/v2\/media\/565"}],"wp:attachment":[{"href":"https:\/\/seayouyachting.com\/tr\/wp-json\/wp\/v2\/media?parent=203"}],"wp:term":[{"taxonomy":"product_cat","embeddable":true,"href":"https:\/\/seayouyachting.com\/tr\/wp-json\/wp\/v2\/product_cat?post=203"},{"taxonomy":"product_tag","embeddable":true,"href":"https:\/\/seayouyachting.com\/tr\/wp-json\/wp\/v2\/product_tag?post=203"}],"curies":[{"name":"wp","href":"https:\/\/api.w.org\/{rel}","templated":true}]}}