{"id":204,"date":"2024-02-01T16:49:14","date_gmt":"2024-02-01T16:49:14","guid":{"rendered":"https:\/\/seayouyachting.com\/?post_type=product&#038;p=204"},"modified":"2024-02-01T16:52:35","modified_gmt":"2024-02-01T16:52:35","slug":"azimut-grande-25-2019","status":"publish","type":"product","link":"https:\/\/seayouyachting.com\/tr\/satilik-yatlar\/azimut-grande-25-2019\/","title":{"rendered":"Azimut Grande 25 2019"},"content":{"rendered":"<div>\n<div>\n<h2>TEKNEY\u0130 \u00d6NE \u00c7IKARAN \u00d6ZELL\u0130KLER\u0130<\/h2>\n<p>&nbsp;<\/p>\n<\/div>\n<\/div>\n<div>\n<ul>\n<li>\u00a0Makinalar 1100 \u00c7al\u0131\u015fma Saat&#8217;inde<\/li>\n<li>\u00a0Dengeleyici ( Stabilizer )<\/li>\n<li>Jenerat\u00f6r<\/li>\n<li>Tik Zemin<\/li>\n<li>(Havuzluk &#8211; Platform &#8211; Yan Y\u00fcr\u00fcme Yollar\u0131 &amp; Fly G\u00fcverte)<\/li>\n<li>Hidrolik Platform<\/li>\n<li>Su Yap\u0131c\u0131<\/li>\n<li>Ba\u015f ve K\u0131\u00e7 Manevra Pervanesi<\/li>\n<li>Hard Top<\/li>\n<li>\u00d6zel Kullan\u0131m<\/li>\n<\/ul>\n<p>Tekne&#8217;de 4 ana kabin ve 3 personelin kalabilece\u011fi 2 kabin mevcuttur.<\/p>\n<p>Teknenin\u00a0kondisyonu ya\u015f\u0131 da g\u00f6z \u00f6n\u00fcne al\u0131nd\u0131\u011f\u0131nda,\u00a0iyi durumdad\u0131r.<\/p>\n<p>&nbsp;<\/p>\n<p>Teknenin aksesuar listesi\u00a0son\u00a0sayfalarda mevcuttur.<\/p>\n<p>T\u00fcrk\u00e7e , \u0130ngilizce\u00a0ve\u00a0Rus\u00e7a\u00a0dillerinde inceleyebilirsiniz.<\/p>\n<p>\u0130lan\u0131m\u0131zda bulunan foto\u011fraflar katalog foto\u011fraflar\u0131d\u0131r.<\/p>\n<p>&nbsp;<\/p>\n<p>&nbsp;<\/p>\n<p>Tekneye \u00f6zel profesyonel haz\u0131rlanm\u0131\u015f foto\u011fraflar\u0131 ve teknik detaylar\u0131 bulabilece\u011finiz PDF dosyas\u0131n\u0131 istemek ve e\u011fer varsa merak etti\u011finiz di\u011fer sorular\u0131n\u0131z\u0131 sormak i\u00e7in l\u00fctfen bizimle ileti\u015fime ge\u00e7iniz.<\/p>\n<p>&nbsp;<\/p>\n<p>Dolce Vita Marine\u00a0olarak D\u00fcnya&#8217;da kabul g\u00f6rm\u00fc\u015f t\u00fcm markalardan olu\u015fan, taraf\u0131m\u0131zca yerinde g\u00f6r\u00fclen, ge\u00e7mi\u015fiyle ilgili t\u00fcm \u00f6n incelemesi\u00a0yap\u0131lm\u0131\u015f, sat\u0131c\u0131s\u0131 ile direk temasta oldu\u011fumuz, CE ve\/veya Co-Brokerage\u00a0hakk\u0131m\u0131z\u0131n oldu\u011fu, m\u00fc\u015fterilerimiz i\u00e7in makul, mant\u0131kl\u0131 g\u00f6r\u00fcnen\u00a0teknelerden olu\u015fan di\u011fer ilanlar\u0131m\u0131z i\u00e7in bizi, web sitemizden ve sosyal medya hesaplar\u0131m\u0131z \u00fczerinden takip edebilirsiniz.<\/p>\n<\/div>\n","protected":false},"excerpt":{"rendered":"<p>TEKNEY\u0130 \u00d6NE \u00c7IKARAN \u00d6ZELL\u0130KLER\u0130 &nbsp; \u00a0Makinalar 1100 \u00c7al\u0131\u015fma Saat&#8217;inde \u00a0Dengeleyici ( Stabilizer ) Jenerat\u00f6r Tik Zemin (Havuzluk &#8211; Platform &#8211; Yan Y\u00fcr\u00fcme Yollar\u0131 &amp; Fly G\u00fcverte) Hidrolik Platform Su Yap\u0131c\u0131 Ba\u015f ve K\u0131\u00e7 Manevra Pervanesi Hard Top \u00d6zel Kullan\u0131m Tekne&#8217;de 4 ana kabin ve 3 personelin kalabilece\u011fi 2 kabin mevcuttur. Teknenin\u00a0kondisyonu ya\u015f\u0131 da g\u00f6z \u00f6n\u00fcne [&hellip;]<\/p>\n","protected":false},"featured_media":597,"comment_status":"open","ping_status":"closed","template":"","meta":[],"product_cat":[22],"product_tag":[],"class_list":{"0":"post-204","1":"product","2":"type-product","3":"status-publish","4":"has-post-thumbnail","6":"product_cat-satilik-yatlar","8":"first","9":"instock","10":"shipping-taxable","11":"purchasable","12":"product-type-simple"},"acf":[],"_links":{"self":[{"href":"https:\/\/seayouyachting.com\/tr\/wp-json\/wp\/v2\/product\/204","targetHints":{"allow":["GET"]}}],"collection":[{"href":"https:\/\/seayouyachting.com\/tr\/wp-json\/wp\/v2\/product"}],"about":[{"href":"https:\/\/seayouyachting.com\/tr\/wp-json\/wp\/v2\/types\/product"}],"replies":[{"embeddable":true,"href":"https:\/\/seayouyachting.com\/tr\/wp-json\/wp\/v2\/comments?post=204"}],"wp:featuredmedia":[{"embeddable":true,"href":"https:\/\/seayouyachting.com\/tr\/wp-json\/wp\/v2\/media\/597"}],"wp:attachment":[{"href":"https:\/\/seayouyachting.com\/tr\/wp-json\/wp\/v2\/media?parent=204"}],"wp:term":[{"taxonomy":"product_cat","embeddable":true,"href":"https:\/\/seayouyachting.com\/tr\/wp-json\/wp\/v2\/product_cat?post=204"},{"taxonomy":"product_tag","embeddable":true,"href":"https:\/\/seayouyachting.com\/tr\/wp-json\/wp\/v2\/product_tag?post=204"}],"curies":[{"name":"wp","href":"https:\/\/api.w.org\/{rel}","templated":true}]}}