{"id":2855,"date":"2024-02-12T17:20:05","date_gmt":"2024-02-12T17:20:05","guid":{"rendered":"https:\/\/seayouyachting.com\/kategorilenmemis\/26-9-m-gulet\/"},"modified":"2024-02-19T18:43:18","modified_gmt":"2024-02-19T18:43:18","slug":"26-9-m-gulet","status":"publish","type":"product","link":"https:\/\/seayouyachting.com\/tr\/yat-kiralama\/26-9-m-gulet\/","title":{"rendered":"26.9 M GULET"},"content":{"rendered":"<p>2006 y\u0131l\u0131nda in\u015fa edilen SIYU Yat\u0131, geleneksel tarz\u0131 muhte\u015fem g\u00fcverte alan\u0131yla birle\u015ftirerek yaz tatilleri ve yemek i\u00e7in ideal bir deniz cenneti olu\u015fturuyor.<\/p>\n<h2><strong>Misafir Konaklama<\/strong><\/h2>\n<p>SIYU&#8217;da 4 s\u00fcit bulunmakta olup, bunlar bir ana s\u00fcit, iki \u00e7ift ki\u015filik kabin ve bir \u00e7ift ki\u015filik kabin i\u00e7ermektedir. 4 m\u00fcrettebat \u00fcyesine kadar konaklama imkan\u0131 sunarak konforlu bir \u00f6zel yat kiralama deneyimi sa\u011flanmaktad\u0131r.<\/p>\n<h2>Gemi \u00dczerinde Konfor ve E\u011flence<\/h2>\n<p>\u00d6nde bulunan dinlenme alan\u0131, kokteyl e\u015fli\u011finde dinlenmek ve g\u00fcne\u015fin tad\u0131n\u0131 \u00e7\u0131karmak i\u00e7in ideal bir konum sunar. SIYU, Wi-Fi ba\u011flant\u0131s\u0131 gibi size s\u00fcrekli ba\u011fl\u0131 kalman\u0131z\u0131 sa\u011flayacak harika \u00f6zelliklere sahiptir.<\/p>\n<h2>Performans<\/h2>\n<p>SIYU, 14 knot&#8217;a kadar olan \u00fcst h\u0131zda seyir yapabilirken, rahatl\u0131kla 11 knot h\u0131z\u0131nda seyredebilir. Hedef neresi olursa olsun, gemideki misafirler \u00e7e\u015fitli kiralama odakl\u0131 olanaklar sayesinde keyifli vakit ge\u00e7ireceklerdir.<\/p>\n","protected":false},"excerpt":{"rendered":"<p>2006 y\u0131l\u0131nda in\u015fa edilen SIYU Yat\u0131, geleneksel tarz\u0131 muhte\u015fem g\u00fcverte alan\u0131yla birle\u015ftirerek yaz tatilleri ve yemek i\u00e7in ideal bir deniz cenneti olu\u015fturuyor. Misafir Konaklama SIYU&#8217;da 4 s\u00fcit bulunmakta olup, bunlar bir ana s\u00fcit, iki \u00e7ift ki\u015filik kabin ve bir \u00e7ift ki\u015filik kabin i\u00e7ermektedir. 4 m\u00fcrettebat \u00fcyesine kadar konaklama imkan\u0131 sunarak konforlu bir \u00f6zel yat kiralama [&hellip;]<\/p>\n","protected":false},"featured_media":2730,"comment_status":"open","ping_status":"closed","template":"","meta":[],"product_cat":[21],"product_tag":[],"class_list":{"0":"post-2855","1":"product","2":"type-product","3":"status-publish","4":"has-post-thumbnail","6":"product_cat-yat-kiralama","8":"first","9":"instock","10":"shipping-taxable","11":"product-type-simple"},"acf":[],"_links":{"self":[{"href":"https:\/\/seayouyachting.com\/tr\/wp-json\/wp\/v2\/product\/2855","targetHints":{"allow":["GET"]}}],"collection":[{"href":"https:\/\/seayouyachting.com\/tr\/wp-json\/wp\/v2\/product"}],"about":[{"href":"https:\/\/seayouyachting.com\/tr\/wp-json\/wp\/v2\/types\/product"}],"replies":[{"embeddable":true,"href":"https:\/\/seayouyachting.com\/tr\/wp-json\/wp\/v2\/comments?post=2855"}],"wp:featuredmedia":[{"embeddable":true,"href":"https:\/\/seayouyachting.com\/tr\/wp-json\/wp\/v2\/media\/2730"}],"wp:attachment":[{"href":"https:\/\/seayouyachting.com\/tr\/wp-json\/wp\/v2\/media?parent=2855"}],"wp:term":[{"taxonomy":"product_cat","embeddable":true,"href":"https:\/\/seayouyachting.com\/tr\/wp-json\/wp\/v2\/product_cat?post=2855"},{"taxonomy":"product_tag","embeddable":true,"href":"https:\/\/seayouyachting.com\/tr\/wp-json\/wp\/v2\/product_tag?post=2855"}],"curies":[{"name":"wp","href":"https:\/\/api.w.org\/{rel}","templated":true}]}}